{"id":16502,"date":"2025-06-16T16:39:06","date_gmt":"2025-06-16T13:39:06","guid":{"rendered":"https:\/\/kaslita.com\/?post_type=product&#038;p=16502"},"modified":"2025-06-16T16:52:13","modified_gmt":"2025-06-16T13:52:13","slug":"maz-20-t","status":"publish","type":"product","link":"https:\/\/kaslita.com\/ru\/produktas\/maz-20-t\/","title":{"rendered":"MAZ 20 T"},"content":{"rendered":"<p>[et_pb_section fb_built=&#187;1&#8243; _builder_version=&#187;4.16&#8243; custom_padding=&#187;0px||||false|false&#187; global_colors_info=&#187;{}&#187;][et_pb_row _builder_version=&#187;4.16&#8243; background_size=&#187;initial&#187; background_position=&#187;top_left&#187; background_repeat=&#187;repeat&#187; width=&#187;100%&#187; custom_padding=&#187;0px||0px||false|false&#187; global_module=&#187;184&#8243; saved_tabs=&#187;all&#187; global_colors_info=&#187;{}&#187;][et_pb_column type=&#187;4_4&#8243; _builder_version=&#187;4.16&#8243; custom_padding=&#187;|||&#187; global_colors_info=&#187;{}&#187; custom_padding__hover=&#187;|||&#187;][et_pb_wc_breadcrumb breadcrumb_home_text=&#187;Statybin\u0117 technika&#187; breadcrumb_home_url=&#187;@ET-DC@eyJkeW5hbWljIjp0cnVlLCJjb250ZW50IjoicG9zdF9saW5rX3VybF9wYWdlIiwic2V0dGluZ3MiOnsicG9zdF9pZCI6IjEyMiJ9fQ==@&#187; _builder_version=&#187;4.27.4&#8243; _dynamic_attributes=&#187;breadcrumb_home_url&#187; global_colors_info=&#187;{}&#187;][\/et_pb_wc_breadcrumb][\/et_pb_column][\/et_pb_row][et_pb_row column_structure=&#187;3_5,2_5&#8243; use_custom_gutter=&#187;on&#187; gutter_width=&#187;2&#8243; _builder_version=&#187;4.27.4&#8243; background_size=&#187;initial&#187; background_position=&#187;top_left&#187; background_repeat=&#187;repeat&#187; width=&#187;100%&#187; custom_padding=&#187;0px||||false|false&#187; global_colors_info=&#187;{}&#187;][et_pb_column type=&#187;3_5&#8243; _builder_version=&#187;4.16&#8243; custom_padding=&#187;|||&#187; global_colors_info=&#187;{}&#187; custom_padding__hover=&#187;|||&#187;][et_pb_wc_images admin_label=&#187;Woo Product Images&#187; _builder_version=&#187;4.16&#8243; global_module=&#187;185&#8243; saved_tabs=&#187;all&#187; global_colors_info=&#187;{}&#187;][\/et_pb_wc_images][\/et_pb_column][et_pb_column type=&#187;2_5&#8243; _builder_version=&#187;4.16&#8243; custom_padding=&#187;|||&#187; global_colors_info=&#187;{}&#187; custom_padding__hover=&#187;|||&#187;][et_pb_wc_title _builder_version=&#187;4.16&#8243; global_module=&#187;187&#8243; saved_tabs=&#187;all&#187; global_colors_info=&#187;{}&#187;][\/et_pb_wc_title][et_pb_wc_price _builder_version=&#187;4.16&#8243; global_module=&#187;188&#8243; saved_tabs=&#187;all&#187; global_colors_info=&#187;{}&#187;][\/et_pb_wc_price][et_pb_wc_additional_info show_title=&#187;off&#187; _builder_version=&#187;4.27.4&#8243; _module_preset=&#187;default&#187; table_cell_background_color=&#187;#FFFFFF&#187; body_font=&#187;||||||||&#187; body_line_height=&#187;1.2em&#187; attribute_line_height=&#187;1.2em&#187; border_width_top_table=&#187;1px&#187; border_color_top_table=&#187;#FCD21D&#187; border_style_top_table=&#187;solid&#187; border_width_all_table_cell=&#187;0px&#187; border_style_all_table_cell=&#187;solid&#187; border_color_top_table_cell=&#187;#fcd21d&#187; border_width_bottom_table_cell=&#187;1px&#187; border_color_bottom_table_cell=&#187;#FCD21D&#187; global_module=&#187;189&#8243; saved_tabs=&#187;all&#187; global_colors_info=&#187;{}&#187;][\/et_pb_wc_additional_info][et_pb_wc_description _builder_version=&#187;4.27.4&#8243; global_module=&#187;190&#8243; saved_tabs=&#187;all&#187; global_colors_info=&#187;{}&#187;][\/et_pb_wc_description][et_pb_contact_form use_spam_service=&#187;on&#187; recaptcha_list=&#187;Default-0&#8243; email=&#187;sarunas@dipolis.com&#187; title=&#187;Paklausti apie technik\u0105&#187; custom_message=&#187;Gauta u\u017eklausa i\u0161 svetain\u0117s.||et_pb_line_break_holder||||et_pb_line_break_holder||Technika: %%form-request-product-title%%||et_pb_line_break_holder||||et_pb_line_break_holder||Vardas: %%Name%%||et_pb_line_break_holder||El. pa\u0161tas: %%Email%%||et_pb_line_break_holder||Klausimas: %%Message%%||et_pb_line_break_holder||&#187; success_message=&#187;J\u016bs\u0173 klausimas s\u0117kmingai i\u0161si\u0173stas. Netrukus Jumis atsakysime.&#187; submit_button_text=&#187;Si\u0173sti&#187; _builder_version=&#187;4.27.4&#8243; _module_preset=&#187;default&#187; _unique_id=&#187;d1e9c536-8239-4c3a-98e1-826e7d6e194f&#187; title_level=&#187;h5&#8243; title_font=&#187;|700|||||||&#187; title_font_size=&#187;15px&#187; title_line_height=&#187;1.2em&#187; custom_button=&#187;on&#187; button_text_size=&#187;16px&#187; button_border_width=&#187;3px&#187; custom_margin=&#187;50px||||false|false&#187; custom_margin_tablet=&#187;40px||||false|false&#187; custom_margin_phone=&#187;30px||||false|false&#187; custom_margin_last_edited=&#187;on|desktop&#187; title_font_size_tablet=&#187;14px&#187; title_font_size_phone=&#187;14px&#187; title_font_size_last_edited=&#187;on|phone&#187; custom_css_contact_button=&#187;margin-top: 14px;&#187; global_module=&#187;196&#8243; saved_tabs=&#187;all&#187; global_colors_info=&#187;{}&#187;][et_pb_contact_field field_id=&#187;Name&#187; field_title=&#187;J\u016bs\u0173 vardas&#187; _builder_version=&#187;4.27.4&#8243; global_colors_info=&#187;{}&#187; button_text_size__hover_enabled=&#187;off&#187; button_one_text_size__hover_enabled=&#187;off&#187; button_two_text_size__hover_enabled=&#187;off&#187; button_text_color__hover_enabled=&#187;off&#187; button_one_text_color__hover_enabled=&#187;off&#187; button_two_text_color__hover_enabled=&#187;off&#187; button_border_width__hover_enabled=&#187;off&#187; button_one_border_width__hover_enabled=&#187;off&#187; button_two_border_width__hover_enabled=&#187;off&#187; button_border_color__hover_enabled=&#187;off&#187; button_one_border_color__hover_enabled=&#187;off&#187; button_two_border_color__hover_enabled=&#187;off&#187; button_border_radius__hover_enabled=&#187;off&#187; button_one_border_radius__hover_enabled=&#187;off&#187; button_two_border_radius__hover_enabled=&#187;off&#187; button_letter_spacing__hover_enabled=&#187;off&#187; button_one_letter_spacing__hover_enabled=&#187;off&#187; button_two_letter_spacing__hover_enabled=&#187;off&#187; button_bg_color__hover_enabled=&#187;off&#187; button_one_bg_color__hover_enabled=&#187;off&#187; button_two_bg_color__hover_enabled=&#187;off&#187;][\/et_pb_contact_field][et_pb_contact_field field_id=&#187;Email&#187; field_title=&#187;El. pa\u0161tas&#187; field_type=&#187;email&#187; _builder_version=&#187;4.27.4&#8243; global_colors_info=&#187;{}&#187; button_text_size__hover_enabled=&#187;off&#187; button_one_text_size__hover_enabled=&#187;off&#187; button_two_text_size__hover_enabled=&#187;off&#187; button_text_color__hover_enabled=&#187;off&#187; button_one_text_color__hover_enabled=&#187;off&#187; button_two_text_color__hover_enabled=&#187;off&#187; button_border_width__hover_enabled=&#187;off&#187; button_one_border_width__hover_enabled=&#187;off&#187; button_two_border_width__hover_enabled=&#187;off&#187; button_border_color__hover_enabled=&#187;off&#187; button_one_border_color__hover_enabled=&#187;off&#187; button_two_border_color__hover_enabled=&#187;off&#187; button_border_radius__hover_enabled=&#187;off&#187; button_one_border_radius__hover_enabled=&#187;off&#187; button_two_border_radius__hover_enabled=&#187;off&#187; button_letter_spacing__hover_enabled=&#187;off&#187; button_one_letter_spacing__hover_enabled=&#187;off&#187; button_two_letter_spacing__hover_enabled=&#187;off&#187; button_bg_color__hover_enabled=&#187;off&#187; button_one_bg_color__hover_enabled=&#187;off&#187; button_two_bg_color__hover_enabled=&#187;off&#187;][\/et_pb_contact_field][et_pb_contact_field field_id=&#187;Message&#187; field_title=&#187;Klausimas&#187; field_type=&#187;text&#187; fullwidth_field=&#187;on&#187; _builder_version=&#187;4.27.4&#8243; global_colors_info=&#187;{}&#187; button_text_size__hover_enabled=&#187;off&#187; button_one_text_size__hover_enabled=&#187;off&#187; button_two_text_size__hover_enabled=&#187;off&#187; button_text_color__hover_enabled=&#187;off&#187; button_one_text_color__hover_enabled=&#187;off&#187; button_two_text_color__hover_enabled=&#187;off&#187; button_border_width__hover_enabled=&#187;off&#187; button_one_border_width__hover_enabled=&#187;off&#187; button_two_border_width__hover_enabled=&#187;off&#187; button_border_color__hover_enabled=&#187;off&#187; button_one_border_color__hover_enabled=&#187;off&#187; button_two_border_color__hover_enabled=&#187;off&#187; button_border_radius__hover_enabled=&#187;off&#187; button_one_border_radius__hover_enabled=&#187;off&#187; button_two_border_radius__hover_enabled=&#187;off&#187; button_letter_spacing__hover_enabled=&#187;off&#187; button_one_letter_spacing__hover_enabled=&#187;off&#187; button_two_letter_spacing__hover_enabled=&#187;off&#187; button_bg_color__hover_enabled=&#187;off&#187; button_one_bg_color__hover_enabled=&#187;off&#187; button_two_bg_color__hover_enabled=&#187;off&#187;][\/et_pb_contact_field][et_pb_contact_field field_id=&#187;form-request-product-title&#187; field_title=&#187;Product title&#187; fullwidth_field=&#187;on&#187; _builder_version=&#187;4.27.4&#8243; _module_preset=&#187;default&#187; custom_css_free_form=&#187;selector {||  display: none;||}&#187; global_colors_info=&#187;{}&#187;][\/et_pb_contact_field][\/et_pb_contact_form][\/et_pb_column][\/et_pb_row][\/et_pb_section]<\/p>\n","protected":false},"excerpt":{"rendered":"<p>Lifting power &#8212; 20 tons; Arm lenght &#8212; 22m<\/p>\n","protected":false},"featured_media":16508,"template":"","meta":{"_et_pb_use_builder":"on","_et_pb_old_content":"","_et_gb_content_width":""},"product_brand":[],"product_cat":[83],"product_tag":[],"class_list":{"0":"post-16502","1":"product","2":"type-product","3":"status-publish","4":"has-post-thumbnail","6":"product_cat-kranai","8":"first","9":"instock","10":"taxable","11":"shipping-taxable","12":"purchasable","13":"product-type-simple"},"_links":{"self":[{"href":"https:\/\/kaslita.com\/ru\/wp-json\/wp\/v2\/product\/16502","targetHints":{"allow":["GET"]}}],"collection":[{"href":"https:\/\/kaslita.com\/ru\/wp-json\/wp\/v2\/product"}],"about":[{"href":"https:\/\/kaslita.com\/ru\/wp-json\/wp\/v2\/types\/product"}],"wp:featuredmedia":[{"embeddable":true,"href":"https:\/\/kaslita.com\/ru\/wp-json\/wp\/v2\/media\/16508"}],"wp:attachment":[{"href":"https:\/\/kaslita.com\/ru\/wp-json\/wp\/v2\/media?parent=16502"}],"wp:term":[{"taxonomy":"product_brand","embeddable":true,"href":"https:\/\/kaslita.com\/ru\/wp-json\/wp\/v2\/product_brand?post=16502"},{"taxonomy":"product_cat","embeddable":true,"href":"https:\/\/kaslita.com\/ru\/wp-json\/wp\/v2\/product_cat?post=16502"},{"taxonomy":"product_tag","embeddable":true,"href":"https:\/\/kaslita.com\/ru\/wp-json\/wp\/v2\/product_tag?post=16502"}],"curies":[{"name":"wp","href":"https:\/\/api.w.org\/{rel}","templated":true}]}}