{"id":58978,"date":"2025-07-18T09:49:58","date_gmt":"2025-07-18T06:49:58","guid":{"rendered":"https:\/\/kaslita.com\/?post_type=product&#038;p=58978"},"modified":"2025-07-18T09:55:53","modified_gmt":"2025-07-18T06:55:53","slug":"t-150-kopija-kopija-kopija","status":"publish","type":"product","link":"https:\/\/kaslita.com\/en\/produktas\/t-150-kopija-kopija-kopija\/","title":{"rendered":"T-150 (Kopija) (Kopija) (Kopija)"},"content":{"rendered":"","protected":false},"excerpt":{"rendered":"<p>&gt; Savaeigis kelkra\u0161\u010di\u0173 u\u017epyl\u0117jas<\/p>\n<p>&gt; Self-propelled vehicle fills the roads pavement<\/p>\n","protected":false},"featured_media":59002,"template":"","meta":{"_et_pb_use_builder":"off","_et_pb_old_content":"","_et_gb_content_width":""},"product_brand":[],"product_cat":[723],"product_tag":[],"class_list":{"0":"post-58978","1":"product","2":"type-product","3":"status-publish","4":"has-post-thumbnail","6":"product_cat-communal-transport","8":"first","9":"instock","10":"taxable","11":"shipping-taxable","12":"purchasable","13":"product-type-simple"},"_links":{"self":[{"href":"https:\/\/kaslita.com\/en\/wp-json\/wp\/v2\/product\/58978","targetHints":{"allow":["GET"]}}],"collection":[{"href":"https:\/\/kaslita.com\/en\/wp-json\/wp\/v2\/product"}],"about":[{"href":"https:\/\/kaslita.com\/en\/wp-json\/wp\/v2\/types\/product"}],"wp:featuredmedia":[{"embeddable":true,"href":"https:\/\/kaslita.com\/en\/wp-json\/wp\/v2\/media\/59002"}],"wp:attachment":[{"href":"https:\/\/kaslita.com\/en\/wp-json\/wp\/v2\/media?parent=58978"}],"wp:term":[{"taxonomy":"product_brand","embeddable":true,"href":"https:\/\/kaslita.com\/en\/wp-json\/wp\/v2\/product_brand?post=58978"},{"taxonomy":"product_cat","embeddable":true,"href":"https:\/\/kaslita.com\/en\/wp-json\/wp\/v2\/product_cat?post=58978"},{"taxonomy":"product_tag","embeddable":true,"href":"https:\/\/kaslita.com\/en\/wp-json\/wp\/v2\/product_tag?post=58978"}],"curies":[{"name":"wp","href":"https:\/\/api.w.org\/{rel}","templated":true}]}}