{"id":6159,"date":"2025-02-13T12:44:46","date_gmt":"2025-02-13T10:44:46","guid":{"rendered":"https:\/\/kaslita.com\/kontaktai\/"},"modified":"2025-05-19T12:03:32","modified_gmt":"2025-05-19T09:03:32","slug":"contacts","status":"publish","type":"page","link":"https:\/\/kaslita.com\/en\/contacts\/","title":{"rendered":"Contacts"},"content":{"rendered":"<p>[et_pb_section fb_built=&#8221;1&#8243; fullwidth=&#8221;on&#8221; _builder_version=&#8221;4.27.4&#8243; _module_preset=&#8221;default&#8221; global_colors_info=&#8221;{}&#8221;][et_pb_fullwidth_post_title meta=&#8221;off&#8221; featured_image=&#8221;off&#8221; _builder_version=&#8221;4.27.4&#8243; _module_preset=&#8221;default&#8221; title_font=&#8221;|||on|||||&#8221; title_text_color=&#8221;#FFFFFF&#8221; title_font_size=&#8221;40px&#8221; title_line_height=&#8221;1.2em&#8221; background_video_mp4=&#8221;https:\/\/kaslita.com\/wp-content\/uploads\/kontaktai-video.mp4&#8243; custom_padding=&#8221;140px||140px||true|false&#8221; custom_padding_tablet=&#8221;100px||100px||true|false&#8221; custom_padding_phone=&#8221;80px||80px||true|false&#8221; custom_padding_last_edited=&#8221;on|phone&#8221; title_font_size_tablet=&#8221;34px&#8221; title_font_size_phone=&#8221;26px&#8221; title_font_size_last_edited=&#8221;on|phone&#8221; title_text_shadow_style=&#8221;preset3&#8243; global_colors_info=&#8221;{}&#8221;][\/et_pb_fullwidth_post_title][\/et_pb_section][et_pb_section fb_built=&#8221;1&#8243; _builder_version=&#8221;4.27.4&#8243; _module_preset=&#8221;default&#8221; background_enable_pattern_style=&#8221;on&#8221; background_pattern_style=&#8221;crosses&#8221; background_pattern_color=&#8221;#f2f2f2&#8243; background_pattern_size=&#8221;custom&#8221; background_pattern_width=&#8221;18px&#8221; global_colors_info=&#8221;{}&#8221;][et_pb_row column_structure=&#8221;1_2,1_2&#8243; use_custom_gutter=&#8221;on&#8221; gutter_width=&#8221;2&#8243; _builder_version=&#8221;4.27.4&#8243; _module_preset=&#8221;default&#8221; global_colors_info=&#8221;{}&#8221;][et_pb_column type=&#8221;1_2&#8243; _builder_version=&#8221;4.27.4&#8243; _module_preset=&#8221;default&#8221; global_colors_info=&#8221;{}&#8221;][et_pb_blurb title=&#8221;UAB %22Kaslita%22&#8243; use_icon=&#8221;on&#8221; font_icon=&#8221;&#xe060;||divi||400&#8243; icon_color=&#8221;#FCD21D&#8221; image_icon_background_color=&#8221;RGBA(255,255,255,0)&#8221; icon_placement=&#8221;left&#8221; image_icon_width=&#8221;22px&#8221; _builder_version=&#8221;4.27.4&#8243; _module_preset=&#8221;default&#8221; global_colors_info=&#8221;{}&#8221;]<\/p>\n<p>Registration code: 144535557<br \/>VAT code: LT445355515<\/p>\n<p>[\/et_pb_blurb][et_pb_blurb title=&#8221;Registration address&#8221; use_icon=&#8221;on&#8221; font_icon=&#8221;&#xf3c5;||fa||900&#8243; icon_color=&#8221;#FCD21D&#8221; image_icon_background_color=&#8221;RGBA(255,255,255,0)&#8221; icon_placement=&#8221;left&#8221; image_icon_width=&#8221;22px&#8221; _builder_version=&#8221;4.27.4&#8243; _module_preset=&#8221;default&#8221; global_colors_info=&#8221;{}&#8221;]<\/p>\n<p>Klaip\u0117dos 47 a, LT-76156 \u0160iauliai, Lithuania<\/p>\n<p>[\/et_pb_blurb][et_pb_blurb title=&#8221;Office address&#8221; use_icon=&#8221;on&#8221; font_icon=&#8221;&#xf3c5;||fa||900&#8243; icon_color=&#8221;#FCD21D&#8221; image_icon_background_color=&#8221;RGBA(255,255,255,0)&#8221; icon_placement=&#8221;left&#8221; image_icon_width=&#8221;22px&#8221; _builder_version=&#8221;4.27.4&#8243; _module_preset=&#8221;default&#8221; global_colors_info=&#8221;{}&#8221;]<\/p>\n<p>Kalnelio g. 2, Ber\u017eyn\u0117s k. \u0160iauliai r. LT-80269, Lithuania<\/p>\n<p>[\/et_pb_blurb][et_pb_blurb title=&#8221;Checking account&#8221; use_icon=&#8221;on&#8221; font_icon=&#8221;&#xf153;||fa||900&#8243; icon_color=&#8221;#FCD21D&#8221; image_icon_background_color=&#8221;RGBA(255,255,255,0)&#8221; icon_placement=&#8221;left&#8221; image_icon_width=&#8221;22px&#8221; _builder_version=&#8221;4.27.4&#8243; _module_preset=&#8221;default&#8221; global_colors_info=&#8221;{}&#8221;]<\/p>\n<p>LT15 7044 0600 0219 6296<br \/>BIC: CBVILT2X<br \/>AB &#8220;SEB bankas&#8221;<\/p>\n<p>[\/et_pb_blurb][\/et_pb_column][et_pb_column type=&#8221;1_2&#8243; _builder_version=&#8221;4.27.4&#8243; _module_preset=&#8221;default&#8221; global_colors_info=&#8221;{}&#8221;][et_pb_contact_form use_spam_service=&#8221;on&#8221; recaptcha_list=&#8221;Default|Default-0&#8243; email=&#8221;info@kaslita.com&#8221; custom_message=&#8221;Gauta \u017einut\u0117 i\u0161 tinklalapio.||et_pb_line_break_holder||||et_pb_line_break_holder||Vardas: %%Name%%||et_pb_line_break_holder||El. pa\u0161tas: %%Email%%||et_pb_line_break_holder||\u017dinut\u0117: %%Message%%&#8221; success_message=&#8221;Your message has been sent successfully. We will contact you shortly. &#8221; submit_button_text=&#8221;Submit&#8221; _builder_version=&#8221;4.27.4&#8243; _module_preset=&#8221;default&#8221; _unique_id=&#8221;daf86c69-18ec-4a90-af77-fc892889c9d2&#8243; global_colors_info=&#8221;{}&#8221;][et_pb_contact_field field_id=&#8221;Name&#8221; field_title=&#8221;Name&#8221; _builder_version=&#8221;4.27.4&#8243; global_colors_info=&#8221;{}&#8221; button_text_size__hover_enabled=&#8221;off&#8221; button_one_text_size__hover_enabled=&#8221;off&#8221; button_two_text_size__hover_enabled=&#8221;off&#8221; button_text_color__hover_enabled=&#8221;off&#8221; button_one_text_color__hover_enabled=&#8221;off&#8221; button_two_text_color__hover_enabled=&#8221;off&#8221; button_border_width__hover_enabled=&#8221;off&#8221; button_one_border_width__hover_enabled=&#8221;off&#8221; button_two_border_width__hover_enabled=&#8221;off&#8221; button_border_color__hover_enabled=&#8221;off&#8221; button_one_border_color__hover_enabled=&#8221;off&#8221; button_two_border_color__hover_enabled=&#8221;off&#8221; button_border_radius__hover_enabled=&#8221;off&#8221; button_one_border_radius__hover_enabled=&#8221;off&#8221; button_two_border_radius__hover_enabled=&#8221;off&#8221; button_letter_spacing__hover_enabled=&#8221;off&#8221; button_one_letter_spacing__hover_enabled=&#8221;off&#8221; button_two_letter_spacing__hover_enabled=&#8221;off&#8221; button_bg_color__hover_enabled=&#8221;off&#8221; button_one_bg_color__hover_enabled=&#8221;off&#8221; button_two_bg_color__hover_enabled=&#8221;off&#8221;][\/et_pb_contact_field][et_pb_contact_field field_id=&#8221;Email&#8221; field_title=&#8221;Email &#8221; field_type=&#8221;email&#8221; _builder_version=&#8221;4.27.4&#8243; global_colors_info=&#8221;{}&#8221; button_text_size__hover_enabled=&#8221;off&#8221; button_one_text_size__hover_enabled=&#8221;off&#8221; button_two_text_size__hover_enabled=&#8221;off&#8221; button_text_color__hover_enabled=&#8221;off&#8221; button_one_text_color__hover_enabled=&#8221;off&#8221; button_two_text_color__hover_enabled=&#8221;off&#8221; button_border_width__hover_enabled=&#8221;off&#8221; button_one_border_width__hover_enabled=&#8221;off&#8221; button_two_border_width__hover_enabled=&#8221;off&#8221; button_border_color__hover_enabled=&#8221;off&#8221; button_one_border_color__hover_enabled=&#8221;off&#8221; button_two_border_color__hover_enabled=&#8221;off&#8221; button_border_radius__hover_enabled=&#8221;off&#8221; button_one_border_radius__hover_enabled=&#8221;off&#8221; button_two_border_radius__hover_enabled=&#8221;off&#8221; button_letter_spacing__hover_enabled=&#8221;off&#8221; button_one_letter_spacing__hover_enabled=&#8221;off&#8221; button_two_letter_spacing__hover_enabled=&#8221;off&#8221; button_bg_color__hover_enabled=&#8221;off&#8221; button_one_bg_color__hover_enabled=&#8221;off&#8221; button_two_bg_color__hover_enabled=&#8221;off&#8221;][\/et_pb_contact_field][et_pb_contact_field field_id=&#8221;Message&#8221; field_title=&#8221;Your question&#8221; field_type=&#8221;text&#8221; fullwidth_field=&#8221;on&#8221; _builder_version=&#8221;4.27.4&#8243; global_colors_info=&#8221;{}&#8221; button_text_size__hover_enabled=&#8221;off&#8221; button_one_text_size__hover_enabled=&#8221;off&#8221; button_two_text_size__hover_enabled=&#8221;off&#8221; button_text_color__hover_enabled=&#8221;off&#8221; button_one_text_color__hover_enabled=&#8221;off&#8221; button_two_text_color__hover_enabled=&#8221;off&#8221; button_border_width__hover_enabled=&#8221;off&#8221; button_one_border_width__hover_enabled=&#8221;off&#8221; button_two_border_width__hover_enabled=&#8221;off&#8221; button_border_color__hover_enabled=&#8221;off&#8221; button_one_border_color__hover_enabled=&#8221;off&#8221; button_two_border_color__hover_enabled=&#8221;off&#8221; button_border_radius__hover_enabled=&#8221;off&#8221; button_one_border_radius__hover_enabled=&#8221;off&#8221; button_two_border_radius__hover_enabled=&#8221;off&#8221; button_letter_spacing__hover_enabled=&#8221;off&#8221; button_one_letter_spacing__hover_enabled=&#8221;off&#8221; button_two_letter_spacing__hover_enabled=&#8221;off&#8221; button_bg_color__hover_enabled=&#8221;off&#8221; button_one_bg_color__hover_enabled=&#8221;off&#8221; button_two_bg_color__hover_enabled=&#8221;off&#8221;][\/et_pb_contact_field][\/et_pb_contact_form][\/et_pb_column][\/et_pb_row][et_pb_row _builder_version=&#8221;4.27.4&#8243; _module_preset=&#8221;default&#8221; global_colors_info=&#8221;{}&#8221;][et_pb_column type=&#8221;4_4&#8243; _builder_version=&#8221;4.27.4&#8243; _module_preset=&#8221;default&#8221; global_colors_info=&#8221;{}&#8221;][et_pb_text _builder_version=&#8221;4.27.4&#8243; _module_preset=&#8221;default&#8221; header_3_font=&#8221;|||on|||||&#8221; header_3_line_height=&#8221;1.2em&#8221; global_colors_info=&#8221;{}&#8221;]<\/p>\n<h3>Contact information<\/h3>\n<p>[\/et_pb_text][\/et_pb_column][\/et_pb_row][et_pb_row column_structure=&#8221;1_4,1_4,1_4,1_4&#8243; use_custom_gutter=&#8221;on&#8221; gutter_width=&#8221;2&#8243; _builder_version=&#8221;4.27.4&#8243; _module_preset=&#8221;default&#8221; global_colors_info=&#8221;{}&#8221;][et_pb_column type=&#8221;1_4&#8243; _builder_version=&#8221;4.27.4&#8243; _module_preset=&#8221;default&#8221; global_colors_info=&#8221;{}&#8221;][et_pb_blurb title=&#8221;Administration&#8221; use_icon=&#8221;on&#8221; font_icon=&#8221;&#xe055;||divi||400&#8243; icon_color=&#8221;#FCD21D&#8221; image_icon_background_color=&#8221;RGBA(255,255,255,0)&#8221; icon_placement=&#8221;left&#8221; image_icon_width=&#8221;22px&#8221; _builder_version=&#8221;4.27.4&#8243; _module_preset=&#8221;default&#8221; header_line_height=&#8221;1.2em&#8221; body_link_text_color=&#8221;#666666&#8243; global_colors_info=&#8221;{}&#8221;]<\/p>\n<p><a href=\"mailto:info@kaslita.com\">info@kaslita.com<\/a><\/p>\n<p><a href=\"tel:+37064747515\">+370 647 47515<\/a><\/p>\n<p>[\/et_pb_blurb][\/et_pb_column][et_pb_column type=&#8221;1_4&#8243; _builder_version=&#8221;4.27.4&#8243; _module_preset=&#8221;default&#8221; global_colors_info=&#8221;{}&#8221;][et_pb_blurb title=&#8221;Accounting&#8221; use_icon=&#8221;on&#8221; font_icon=&#8221;&#xe055;||divi||400&#8243; icon_color=&#8221;#FCD21D&#8221; image_icon_background_color=&#8221;RGBA(255,255,255,0)&#8221; icon_placement=&#8221;left&#8221; image_icon_width=&#8221;22px&#8221; _builder_version=&#8221;4.27.4&#8243; _module_preset=&#8221;default&#8221; body_link_text_color=&#8221;#666666&#8243; global_colors_info=&#8221;{}&#8221;]<\/p>\n<p><a href=\"mailto:finance@kaslita.com\">finance@kaslita.com<\/a><\/p>\n<p><a href=\"tel:+37064567070\">+370 645 67070<\/a><\/p>\n<p>[\/et_pb_blurb][\/et_pb_column][et_pb_column type=&#8221;1_4&#8243; _builder_version=&#8221;4.27.4&#8243; _module_preset=&#8221;default&#8221; global_colors_info=&#8221;{}&#8221;][et_pb_blurb title=&#8221;Sales Manager&#8221; use_icon=&#8221;on&#8221; font_icon=&#8221;&#xe055;||divi||400&#8243; icon_color=&#8221;#FCD21D&#8221; image_icon_background_color=&#8221;RGBA(255,255,255,0)&#8221; icon_placement=&#8221;left&#8221; image_icon_width=&#8221;22px&#8221; _builder_version=&#8221;4.27.4&#8243; _module_preset=&#8221;default&#8221; header_line_height=&#8221;1.2em&#8221; body_link_text_color=&#8221;#666666&#8243; global_colors_info=&#8221;{}&#8221;]<\/p>\n<p><a href=\"mailto:sales@kaslita.com\">sales@kaslita.com  <\/a><\/p>\n<p><a href=\"tel:+37068609482\">+370 686 09482<\/a><\/p>\n<p>[\/et_pb_blurb][\/et_pb_column][et_pb_column type=&#8221;1_4&#8243; _builder_version=&#8221;4.27.4&#8243; _module_preset=&#8221;default&#8221; global_colors_info=&#8221;{}&#8221;][et_pb_blurb title=&#8221;Rental manager&#8221; use_icon=&#8221;on&#8221; font_icon=&#8221;&#xe055;||divi||400&#8243; icon_color=&#8221;#FCD21D&#8221; image_icon_background_color=&#8221;RGBA(255,255,255,0)&#8221; icon_placement=&#8221;left&#8221; image_icon_width=&#8221;22px&#8221; _builder_version=&#8221;4.27.4&#8243; _module_preset=&#8221;default&#8221; header_line_height=&#8221;1.2em&#8221; body_link_text_color=&#8221;#666666&#8243; global_colors_info=&#8221;{}&#8221;]<\/p>\n<p><a href=\"mailto:nuoma@kaslita.com\">nuoma@kaslita.com<\/a><\/p>\n<p><a href=\"tel:+37060182181\">+370 601 82181<\/a><\/p>\n<p>[\/et_pb_blurb][\/et_pb_column][\/et_pb_row][et_pb_row column_structure=&#8221;1_4,1_4,1_4,1_4&#8243; use_custom_gutter=&#8221;on&#8221; gutter_width=&#8221;2&#8243; _builder_version=&#8221;4.27.4&#8243; _module_preset=&#8221;default&#8221; global_colors_info=&#8221;{}&#8221;][et_pb_column type=&#8221;1_4&#8243; _builder_version=&#8221;4.27.4&#8243; _module_preset=&#8221;default&#8221; global_colors_info=&#8221;{}&#8221;][et_pb_blurb title=&#8221;Rental Manager (working with operators)  &#8221; use_icon=&#8221;on&#8221; font_icon=&#8221;&#xe055;||divi||400&#8243; icon_color=&#8221;#FCD21D&#8221; image_icon_background_color=&#8221;RGBA(255,255,255,0)&#8221; icon_placement=&#8221;left&#8221; image_icon_width=&#8221;22px&#8221; _builder_version=&#8221;4.27.4&#8243; _module_preset=&#8221;default&#8221; header_line_height=&#8221;1.2em&#8221; body_link_text_color=&#8221;#666666&#8243; hover_enabled=&#8221;0&#8243; global_colors_info=&#8221;{}&#8221; sticky_enabled=&#8221;0&#8243;]<\/p>\n<p><a href=\"mailto:nuoma@kaslita.com\">nuoma@kaslita.com<\/a><\/p>\n<p><a href=\"tel:+37060707977\">+370 607 07977<\/a><br \/><a href=\"tel:+37060182181\">+370 601 82181<\/a><\/p>\n<p>[\/et_pb_blurb][\/et_pb_column][et_pb_column type=&#8221;1_4&#8243; _builder_version=&#8221;4.27.4&#8243; _module_preset=&#8221;default&#8221; global_colors_info=&#8221;{}&#8221;][et_pb_blurb title=&#8221;Repair of machinery&#8221; use_icon=&#8221;on&#8221; font_icon=&#8221;&#xe055;||divi||400&#8243; icon_color=&#8221;#FCD21D&#8221; image_icon_background_color=&#8221;RGBA(255,255,255,0)&#8221; icon_placement=&#8221;left&#8221; image_icon_width=&#8221;22px&#8221; _builder_version=&#8221;4.27.4&#8243; _module_preset=&#8221;default&#8221; header_line_height=&#8221;1.2em&#8221; body_link_text_color=&#8221;#666666&#8243; global_colors_info=&#8221;{}&#8221;]<\/p>\n<p><a href=\"mailto:service@kaslita.com\">service@kaslita.com  <\/a><\/p>\n<p><a href=\"tel:+37068609483\">+370 686 09483<\/a><\/p>\n<p>[\/et_pb_blurb][\/et_pb_column][et_pb_column type=&#8221;1_4&#8243; _builder_version=&#8221;4.27.4&#8243; _module_preset=&#8221;default&#8221; global_colors_info=&#8221;{}&#8221;][et_pb_blurb title=&#8221;Non-hazardous construction waste site&#8221; use_icon=&#8221;on&#8221; font_icon=&#8221;&#xe055;||divi||400&#8243; icon_color=&#8221;#FCD21D&#8221; image_icon_background_color=&#8221;RGBA(255,255,255,0)&#8221; icon_placement=&#8221;left&#8221; image_icon_width=&#8221;22px&#8221; _builder_version=&#8221;4.27.4&#8243; _module_preset=&#8221;default&#8221; header_line_height=&#8221;1.2em&#8221; body_link_text_color=&#8221;#666666&#8243; global_colors_info=&#8221;{}&#8221;]<\/p>\n<p><a href=\"mailto:aikstele@kaslita.com\">aikstele@kaslita.com<\/a><\/p>\n<p><a href=\"tel:+37068666231\">+370 686 66231<\/a> <\/p>\n<p>[\/et_pb_blurb][\/et_pb_column][et_pb_column type=&#8221;1_4&#8243; _builder_version=&#8221;4.27.4&#8243; _module_preset=&#8221;default&#8221; global_colors_info=&#8221;{}&#8221;][et_pb_blurb title=&#8221;General Director&#8221; use_icon=&#8221;on&#8221; font_icon=&#8221;&#xe055;||divi||400&#8243; icon_color=&#8221;#FCD21D&#8221; image_icon_background_color=&#8221;RGBA(255,255,255,0)&#8221; icon_placement=&#8221;left&#8221; image_icon_width=&#8221;22px&#8221; _builder_version=&#8221;4.27.4&#8243; _module_preset=&#8221;default&#8221; header_line_height=&#8221;1.2em&#8221; body_link_text_color=&#8221;#666666&#8243; global_colors_info=&#8221;{}&#8221;]<\/p>\n<p><a href=\"mailto:director@kaslita.com\">director@kaslita.com <\/a><\/p>\n<p><a href=\"tel:+37068609480\">+370 686 09480<\/a><\/p>\n<p>[\/et_pb_blurb][\/et_pb_column][\/et_pb_row][\/et_pb_section][et_pb_section fb_built=&#8221;1&#8243; fullwidth=&#8221;on&#8221; _builder_version=&#8221;4.27.4&#8243; _module_preset=&#8221;default&#8221; global_colors_info=&#8221;{}&#8221;][et_pb_fullwidth_header title=&#8221;Always welcome&#8221; _builder_version=&#8221;4.27.4&#8243; _module_preset=&#8221;default&#8221; title_text_align=&#8221;right&#8221; title_line_height=&#8221;1.2em&#8221; background_color=&#8221;#060E03&#8243; use_background_color_gradient=&#8221;on&#8221; background_color_gradient_direction=&#8221;270deg&#8221; background_color_gradient_stops=&#8221;#060e03 18%|rgba(6,14,3,0.32) 100%&#8221; background_color_gradient_overlays_image=&#8221;on&#8221; background_image=&#8221;https:\/\/kaslita.com\/wp-content\/uploads\/viber_image_2025-01-23_14-47-21-202.jpg&#8221; custom_padding=&#8221;150px||150px||true|false&#8221; custom_padding_tablet=&#8221;120px||120px||true|false&#8221; custom_padding_phone=&#8221;40px||40px||true|false&#8221; custom_padding_last_edited=&#8221;on|desktop&#8221; title_font_size_tablet=&#8221;26px&#8221; title_font_size_phone=&#8221;22px&#8221; title_font_size_last_edited=&#8221;on|phone&#8221; global_colors_info=&#8221;{}&#8221;][\/et_pb_fullwidth_header][\/et_pb_section]<\/p>\n","protected":false},"excerpt":{"rendered":"<p>Registration code: 144535557VAT code: LT445355515Klaip\u0117dos 47 a, LT-76156 \u0160iauliai, LithuaniaKalnelio g. 2, Ber\u017eyn\u0117s k. \u0160iauliai r. LT-80269, LithuaniaLT15 7044 0600 0219 6296BIC: CBVILT2XAB &#8220;SEB bankas&#8221;Contact informationinfo@kaslita.com +370 647 47515finance@kaslita.com +370 645 67070sales@kaslita.com +370 686 09482nuoma@kaslita.com +370 601 82181nuoma@kaslita.com +370 607 07977+370 601 82181service@kaslita.com +370 686 09483aikstele@kaslita.com +370 686 66231 director@kaslita.com +370 686 09480<\/p>\n","protected":false},"author":2,"featured_media":0,"parent":0,"menu_order":0,"comment_status":"closed","ping_status":"closed","template":"","meta":{"_et_pb_use_builder":"on","_et_pb_old_content":"","_et_gb_content_width":"","footnotes":""},"class_list":["post-6159","page","type-page","status-publish","hentry"],"_links":{"self":[{"href":"https:\/\/kaslita.com\/en\/wp-json\/wp\/v2\/pages\/6159","targetHints":{"allow":["GET"]}}],"collection":[{"href":"https:\/\/kaslita.com\/en\/wp-json\/wp\/v2\/pages"}],"about":[{"href":"https:\/\/kaslita.com\/en\/wp-json\/wp\/v2\/types\/page"}],"author":[{"embeddable":true,"href":"https:\/\/kaslita.com\/en\/wp-json\/wp\/v2\/users\/2"}],"replies":[{"embeddable":true,"href":"https:\/\/kaslita.com\/en\/wp-json\/wp\/v2\/comments?post=6159"}],"version-history":[{"count":7,"href":"https:\/\/kaslita.com\/en\/wp-json\/wp\/v2\/pages\/6159\/revisions"}],"predecessor-version":[{"id":13465,"href":"https:\/\/kaslita.com\/en\/wp-json\/wp\/v2\/pages\/6159\/revisions\/13465"}],"wp:attachment":[{"href":"https:\/\/kaslita.com\/en\/wp-json\/wp\/v2\/media?parent=6159"}],"curies":[{"name":"wp","href":"https:\/\/api.w.org\/{rel}","templated":true}]}}